{"id":15,"date":"2022-02-21T09:39:49","date_gmt":"2022-02-21T08:39:49","guid":{"rendered":"http:\/\/ams-spolka.pl\/?page_id=15"},"modified":"2022-03-08T11:44:24","modified_gmt":"2022-03-08T10:44:24","slug":"automatyka-modernizacje-serwis","status":"publish","type":"page","link":"https:\/\/ams-spolka.pl\/en\/automatyka-modernizacje-serwis\/","title":{"rendered":"Wkr\u00f3tce wracamy"},"content":{"rendered":"<section class=\"section\" id=\"section_624880003\">\n\t\t<div class=\"section-bg fill\" >\n\t\t\t<img loading=\"lazy\" decoding=\"async\" width=\"1200\" height=\"675\" src=\"https:\/\/ams-spolka.pl\/wp-content\/uploads\/2022\/02\/glowna.4ba01662b1922b7325e7.png\" class=\"bg attachment-original size-original\" alt=\"\" \/>\t\t\t\t\t\t\n\t\t\t\n\n\t\t<\/div>\n\n\t\t\n\n\t\t<div class=\"section-content relative\">\n\t\t\t\n\n<div class=\"row align-middle align-center\"  id=\"row-1760601215\">\n\n\n\t<div id=\"col-5525811\" class=\"col medium-11 small-10 large-9\"  >\n\t\t\t\t<div class=\"col-inner text-center\"  >\n\t\t\t\n\t\t\t\n\n\t<div id=\"text-3336224394\" class=\"text\">\n\t\t\n\n<h2 class=\"uppercase\">Wkr\u00f3tce wracamy<\/h2>\n\t\t\n<style>\n#text-3336224394 {\n  font-size: 1.25rem;\n  text-align: center;\n}\n@media (min-width:550px) {\n  #text-3336224394 {\n    font-size: 1.95rem;\n    text-align: center;\n  }\n}\n@media (min-width:850px) {\n  #text-3336224394 {\n    font-size: 2.25rem;\n  }\n}\n<\/style>\n\t<\/div>\n\t\n\n\t\t<\/div>\n\t\t\t\t\n<style>\n#col-5525811 > .col-inner {\n  padding: 30px 29px 13px 33px;\n}\n@media (min-width:550px) {\n  #col-5525811 > .col-inner {\n    padding: 37px 23px 14px 49px;\n  }\n}\n@media (min-width:850px) {\n  #col-5525811 > .col-inner {\n    padding: 30px 30px 10px 41px;\n  }\n}\n<\/style>\n\t<\/div>\n\n\t\n\n\t<div id=\"col-1016486024\" class=\"col medium-11 small-10 large-9\"  >\n\t\t\t\t<div class=\"col-inner text-center\"  >\n\t\t\t\n\t\t\t\n\n\t<div id=\"text-2962623984\" class=\"text\">\n\t\t\n\n<h2 class=\"uppercase\">STRONA W PRZEBUDOWIE<\/h2>\n\t\t\n<style>\n#text-2962623984 {\n  font-size: 0.95rem;\n  text-align: center;\n}\n@media (min-width:550px) {\n  #text-2962623984 {\n    font-size: 1.6rem;\n    text-align: center;\n  }\n}\n@media (min-width:850px) {\n  #text-2962623984 {\n    font-size: 2.25rem;\n  }\n}\n<\/style>\n\t<\/div>\n\t\n\n\t\t<\/div>\n\t\t\t\t\n<style>\n#col-1016486024 > .col-inner {\n  padding: 30px 29px 13px 33px;\n}\n@media (min-width:550px) {\n  #col-1016486024 > .col-inner {\n    padding: 37px 23px 14px 49px;\n  }\n}\n@media (min-width:850px) {\n  #col-1016486024 > .col-inner {\n    padding: 30px 30px 10px 41px;\n  }\n}\n<\/style>\n\t<\/div>\n\n\t\n\n\n<style>\n#row-1760601215 > .col > .col-inner {\n  background-color: rgb(243, 146, 0);\n}\n<\/style>\n<\/div>\n\n\t\t<\/div>\n\n\t\t\n<style>\n#section_624880003 {\n  padding-top: 30px;\n  padding-bottom: 30px;\n  min-height: 400px;\n}\n#section_624880003 .section-bg img {\n  object-position: 100% 50%;\n}\n@media (min-width:550px) {\n  #section_624880003 {\n    min-height: 600px;\n  }\n}\n@media (min-width:850px) {\n  #section_624880003 {\n    min-height: 800px;\n  }\n}\n<\/style>\n\t<\/section>","protected":false},"excerpt":{"rendered":"","protected":false},"author":1,"featured_media":0,"parent":0,"menu_order":0,"comment_status":"closed","ping_status":"closed","template":"page-header-on-scroll.php","meta":{"footnotes":""},"class_list":["post-15","page","type-page","status-publish","hentry"],"yoast_head":"<!-- This site is optimized with the Yoast SEO plugin v25.5 - https:\/\/yoast.com\/wordpress\/plugins\/seo\/ -->\n<title>Wkr\u00f3tce wracamy - AMS Sp\u00f3\u0142ka<\/title>\n<meta name=\"description\" content=\"Budujemy i modernizujemy specjalistyczne maszyny przemys\u0142owe, linie produkcyjne. Zwi\u0119kszamy wydajno\u015b\u0107 pracy urz\u0105dze\u0144, wyd\u0142u\u017camy \u017cywotno\u015b\u0107 maszyn, dostosowujemy maszyny do nowych produkt\u00f3w. Korzystamy z najlepszej technologii na rynku i wsp\u00f3\u0142pracujemy z wykwalifikowanym zespo\u0142em in\u017cynier\u00f3w.\" \/>\n<meta name=\"robots\" content=\"index, follow, max-snippet:-1, max-image-preview:large, max-video-preview:-1, noarchive\" \/>\n<link rel=\"canonical\" href=\"https:\/\/ams-spolka.pl\/en\/automatyka-modernizacje-serwis\/\" \/>\n<meta property=\"og:locale\" content=\"en_US\" \/>\n<meta property=\"og:type\" content=\"article\" \/>\n<meta property=\"og:title\" content=\"AMS Sp\u00f3\u0142ka - Automatyka Modernizacje Serwis\" \/>\n<meta property=\"og:description\" content=\"Zajmujemy si\u0119 szeroko rozumian\u0105 bran\u017c\u0105 automatyki. Serwisujemy i modernizujemy maszyny produkcyjne, obrabiarki numeryczne oraz instalacje przemys\u0142owe, a tak\u017ce zapewniamy wsparcie techniczne.\" \/>\n<meta property=\"og:url\" content=\"https:\/\/ams-spolka.pl\/en\/automatyka-modernizacje-serwis\/\" \/>\n<meta property=\"og:site_name\" content=\"AMS Sp\u00f3\u0142ka\" \/>\n<meta property=\"article:publisher\" content=\"https:\/\/www.facebook.com\/AMSpoznan\" \/>\n<meta property=\"article:modified_time\" content=\"2022-03-08T10:44:24+00:00\" \/>\n<meta property=\"og:image\" content=\"https:\/\/ams-spolka.pl\/wp-content\/uploads\/2022\/02\/AMS_logo-www-01.jpg\" \/>\n\t<meta property=\"og:image:width\" content=\"497\" \/>\n\t<meta property=\"og:image:height\" content=\"220\" \/>\n\t<meta property=\"og:image:type\" content=\"image\/jpeg\" \/>\n<meta name=\"twitter:card\" content=\"summary_large_image\" \/>\n<meta name=\"twitter:label1\" content=\"Est. reading time\" \/>\n\t<meta name=\"twitter:data1\" content=\"7 minutes\" \/>\n<script type=\"application\/ld+json\" class=\"yoast-schema-graph\">{\"@context\":\"https:\/\/schema.org\",\"@graph\":[{\"@type\":\"WebPage\",\"@id\":\"https:\/\/ams-spolka.pl\/automatyka-modernizacje-serwis\/\",\"url\":\"https:\/\/ams-spolka.pl\/automatyka-modernizacje-serwis\/\",\"name\":\"Wkr\u00f3tce wracamy - AMS Sp\u00f3\u0142ka\",\"isPartOf\":{\"@id\":\"https:\/\/ams-spolka.pl\/#website\"},\"datePublished\":\"2022-02-21T08:39:49+00:00\",\"dateModified\":\"2022-03-08T10:44:24+00:00\",\"description\":\"Budujemy i modernizujemy specjalistyczne maszyny przemys\u0142owe, linie produkcyjne. Zwi\u0119kszamy wydajno\u015b\u0107 pracy urz\u0105dze\u0144, wyd\u0142u\u017camy \u017cywotno\u015b\u0107 maszyn, dostosowujemy maszyny do nowych produkt\u00f3w. Korzystamy z najlepszej technologii na rynku i wsp\u00f3\u0142pracujemy z wykwalifikowanym zespo\u0142em in\u017cynier\u00f3w.\",\"breadcrumb\":{\"@id\":\"https:\/\/ams-spolka.pl\/automatyka-modernizacje-serwis\/#breadcrumb\"},\"inLanguage\":\"en-US\",\"potentialAction\":[{\"@type\":\"ReadAction\",\"target\":[\"https:\/\/ams-spolka.pl\/automatyka-modernizacje-serwis\/\"]}]},{\"@type\":\"BreadcrumbList\",\"@id\":\"https:\/\/ams-spolka.pl\/automatyka-modernizacje-serwis\/#breadcrumb\",\"itemListElement\":[{\"@type\":\"ListItem\",\"position\":1,\"name\":\"Strona g\u0142\u00f3wna\",\"item\":\"https:\/\/ams-spolka.pl\/\"},{\"@type\":\"ListItem\",\"position\":2,\"name\":\"Wkr\u00f3tce wracamy\"}]},{\"@type\":\"WebSite\",\"@id\":\"https:\/\/ams-spolka.pl\/#website\",\"url\":\"https:\/\/ams-spolka.pl\/\",\"name\":\"AMS Sp\u00f3\u0142ka\",\"description\":\"Automatyka \u2022 Modernizacje \u2022 Serwis\",\"publisher\":{\"@id\":\"https:\/\/ams-spolka.pl\/#organization\"},\"potentialAction\":[{\"@type\":\"SearchAction\",\"target\":{\"@type\":\"EntryPoint\",\"urlTemplate\":\"https:\/\/ams-spolka.pl\/?s={search_term_string}\"},\"query-input\":{\"@type\":\"PropertyValueSpecification\",\"valueRequired\":true,\"valueName\":\"search_term_string\"}}],\"inLanguage\":\"en-US\"},{\"@type\":\"Organization\",\"@id\":\"https:\/\/ams-spolka.pl\/#organization\",\"name\":\"AMS Sp\u00f3\u0142ka\",\"url\":\"https:\/\/ams-spolka.pl\/\",\"logo\":{\"@type\":\"ImageObject\",\"inLanguage\":\"en-US\",\"@id\":\"https:\/\/ams-spolka.pl\/#\/schema\/logo\/image\/\",\"url\":\"http:\/\/ams-spolka.pl\/wp-content\/uploads\/2022\/02\/AMS_logo-www-01.jpg\",\"contentUrl\":\"http:\/\/ams-spolka.pl\/wp-content\/uploads\/2022\/02\/AMS_logo-www-01.jpg\",\"width\":497,\"height\":220,\"caption\":\"AMS Sp\u00f3\u0142ka\"},\"image\":{\"@id\":\"https:\/\/ams-spolka.pl\/#\/schema\/logo\/image\/\"},\"sameAs\":[\"https:\/\/www.facebook.com\/AMSpoznan\"]}]}<\/script>\n<!-- \/ Yoast SEO plugin. -->","yoast_head_json":{"title":"Wkr\u00f3tce wracamy - AMS Sp\u00f3\u0142ka","description":"Budujemy i modernizujemy specjalistyczne maszyny przemys\u0142owe, linie produkcyjne. Zwi\u0119kszamy wydajno\u015b\u0107 pracy urz\u0105dze\u0144, wyd\u0142u\u017camy \u017cywotno\u015b\u0107 maszyn, dostosowujemy maszyny do nowych produkt\u00f3w. Korzystamy z najlepszej technologii na rynku i wsp\u00f3\u0142pracujemy z wykwalifikowanym zespo\u0142em in\u017cynier\u00f3w.","robots":{"index":"index","follow":"follow","max-snippet":"max-snippet:-1","max-image-preview":"max-image-preview:large","max-video-preview":"max-video-preview:-1","archive":"noarchive"},"canonical":"https:\/\/ams-spolka.pl\/en\/automatyka-modernizacje-serwis\/","og_locale":"en_US","og_type":"article","og_title":"AMS Sp\u00f3\u0142ka - Automatyka Modernizacje Serwis","og_description":"Zajmujemy si\u0119 szeroko rozumian\u0105 bran\u017c\u0105 automatyki. Serwisujemy i modernizujemy maszyny produkcyjne, obrabiarki numeryczne oraz instalacje przemys\u0142owe, a tak\u017ce zapewniamy wsparcie techniczne.","og_url":"https:\/\/ams-spolka.pl\/en\/automatyka-modernizacje-serwis\/","og_site_name":"AMS Sp\u00f3\u0142ka","article_publisher":"https:\/\/www.facebook.com\/AMSpoznan","article_modified_time":"2022-03-08T10:44:24+00:00","og_image":[{"width":497,"height":220,"url":"https:\/\/ams-spolka.pl\/wp-content\/uploads\/2022\/02\/AMS_logo-www-01.jpg","type":"image\/jpeg"}],"twitter_card":"summary_large_image","twitter_misc":{"Est. reading time":"7 minutes"},"schema":{"@context":"https:\/\/schema.org","@graph":[{"@type":"WebPage","@id":"https:\/\/ams-spolka.pl\/automatyka-modernizacje-serwis\/","url":"https:\/\/ams-spolka.pl\/automatyka-modernizacje-serwis\/","name":"Wkr\u00f3tce wracamy - AMS Sp\u00f3\u0142ka","isPartOf":{"@id":"https:\/\/ams-spolka.pl\/#website"},"datePublished":"2022-02-21T08:39:49+00:00","dateModified":"2022-03-08T10:44:24+00:00","description":"Budujemy i modernizujemy specjalistyczne maszyny przemys\u0142owe, linie produkcyjne. Zwi\u0119kszamy wydajno\u015b\u0107 pracy urz\u0105dze\u0144, wyd\u0142u\u017camy \u017cywotno\u015b\u0107 maszyn, dostosowujemy maszyny do nowych produkt\u00f3w. Korzystamy z najlepszej technologii na rynku i wsp\u00f3\u0142pracujemy z wykwalifikowanym zespo\u0142em in\u017cynier\u00f3w.","breadcrumb":{"@id":"https:\/\/ams-spolka.pl\/automatyka-modernizacje-serwis\/#breadcrumb"},"inLanguage":"en-US","potentialAction":[{"@type":"ReadAction","target":["https:\/\/ams-spolka.pl\/automatyka-modernizacje-serwis\/"]}]},{"@type":"BreadcrumbList","@id":"https:\/\/ams-spolka.pl\/automatyka-modernizacje-serwis\/#breadcrumb","itemListElement":[{"@type":"ListItem","position":1,"name":"Strona g\u0142\u00f3wna","item":"https:\/\/ams-spolka.pl\/"},{"@type":"ListItem","position":2,"name":"Wkr\u00f3tce wracamy"}]},{"@type":"WebSite","@id":"https:\/\/ams-spolka.pl\/#website","url":"https:\/\/ams-spolka.pl\/","name":"AMS Sp\u00f3\u0142ka","description":"Automatyka \u2022 Modernizacje \u2022 Serwis","publisher":{"@id":"https:\/\/ams-spolka.pl\/#organization"},"potentialAction":[{"@type":"SearchAction","target":{"@type":"EntryPoint","urlTemplate":"https:\/\/ams-spolka.pl\/?s={search_term_string}"},"query-input":{"@type":"PropertyValueSpecification","valueRequired":true,"valueName":"search_term_string"}}],"inLanguage":"en-US"},{"@type":"Organization","@id":"https:\/\/ams-spolka.pl\/#organization","name":"AMS Sp\u00f3\u0142ka","url":"https:\/\/ams-spolka.pl\/","logo":{"@type":"ImageObject","inLanguage":"en-US","@id":"https:\/\/ams-spolka.pl\/#\/schema\/logo\/image\/","url":"http:\/\/ams-spolka.pl\/wp-content\/uploads\/2022\/02\/AMS_logo-www-01.jpg","contentUrl":"http:\/\/ams-spolka.pl\/wp-content\/uploads\/2022\/02\/AMS_logo-www-01.jpg","width":497,"height":220,"caption":"AMS Sp\u00f3\u0142ka"},"image":{"@id":"https:\/\/ams-spolka.pl\/#\/schema\/logo\/image\/"},"sameAs":["https:\/\/www.facebook.com\/AMSpoznan"]}]}},"_links":{"self":[{"href":"https:\/\/ams-spolka.pl\/en\/wp-json\/wp\/v2\/pages\/15","targetHints":{"allow":["GET"]}}],"collection":[{"href":"https:\/\/ams-spolka.pl\/en\/wp-json\/wp\/v2\/pages"}],"about":[{"href":"https:\/\/ams-spolka.pl\/en\/wp-json\/wp\/v2\/types\/page"}],"author":[{"embeddable":true,"href":"https:\/\/ams-spolka.pl\/en\/wp-json\/wp\/v2\/users\/1"}],"replies":[{"embeddable":true,"href":"https:\/\/ams-spolka.pl\/en\/wp-json\/wp\/v2\/comments?post=15"}],"version-history":[{"count":0,"href":"https:\/\/ams-spolka.pl\/en\/wp-json\/wp\/v2\/pages\/15\/revisions"}],"wp:attachment":[{"href":"https:\/\/ams-spolka.pl\/en\/wp-json\/wp\/v2\/media?parent=15"}],"curies":[{"name":"wp","href":"https:\/\/api.w.org\/{rel}","templated":true}]}}